{"id":206,"date":"2024-07-10T16:53:07","date_gmt":"2024-07-10T19:53:07","guid":{"rendered":"https:\/\/momesso.ind.br\/?page_id=206"},"modified":"2024-07-10T16:53:27","modified_gmt":"2024-07-10T19:53:27","slug":"politica-de-privacidad","status":"publish","type":"page","link":"https:\/\/momesso.ind.br\/es\/politicas-de-privacidade\/","title":{"rendered":"Pol\u00edtica de privacidad"},"content":{"rendered":"<h3><b>Fines del tratamiento de datos<\/b><\/h3>\n<p>&nbsp;<\/p>\n<p>El tratamiento de los datos personales enumerados en este t\u00e9rmino tiene las siguientes finalidades:<\/p>\n<p>Permitirle identificarnos y ponerse en contacto con nosotros con fines de relaci\u00f3n comercial.<br \/>\nPermitirle redactar contratos comerciales y emitir cargos.<br \/>\nPermitirle enviar o suministrar sus productos y servicios, a t\u00edtulo oneroso o gratuito.<br \/>\nPermitirle estructurar, probar, promocionar y anunciar productos y servicios, personalizados o no seg\u00fan su perfil.<\/p>\n<p>&nbsp;<\/p>\n<h3><b>Intercambio de datos<\/b><\/h3>\n<p>&nbsp;<\/p>\n<p>Usted est\u00e1 autorizado a compartir sus datos personales con otros procesadores de datos, si es necesario para los fines enumerados en este t\u00e9rmino, con sujeci\u00f3n a los principios y garant\u00edas establecidos por la Ley N \u00ba 13.709.<\/p>\n<p>&nbsp;<\/p>\n<h3><b>Seguridad de los datos<\/b><\/h3>\n<p>&nbsp;<\/p>\n<p>Es responsable de mantener las medidas de seguridad t\u00e9cnicas y administrativas para proteger los datos personales del acceso no autorizado y de la destrucci\u00f3n, p\u00e9rdida, alteraci\u00f3n, comunicaci\u00f3n o cualquier forma de tratamiento inadecuado o il\u00edcito accidental o il\u00edcito.<\/p>\n<p>De conformidad con el art. 48 de la Ley n\u00ba 13.709, el Responsable del Tratamiento notificar\u00e1 al Encargado del Tratamiento y a la Autoridad Nacional de Protecci\u00f3n de Datos (ANPD) la ocurrencia de un incidente de seguridad que pueda entra\u00f1ar un riesgo o da\u00f1o relevante para el Responsable del Tratamiento.<\/p>\n<p>&nbsp;<\/p>\n<h3><b>Fin del tratamiento de datos<\/b><\/h3>\n<p>&nbsp;<\/p>\n<p>Podr\u00e1 conservar y tratar los datos personales mientras sean pertinentes para el cumplimiento de los fines enumerados en este t\u00e9rmino. Los datos personales anonimizados, sin posibilidad de asociaci\u00f3n con la persona, podr\u00e1n conservarse por tiempo indefinido.<\/p>\n<p>El cliente puede solicitar por correo electr\u00f3nico o por correspondencia en cualquier momento que se supriman los datos personales que no hayan sido anonimizados. Es consciente de que puede que no sea posible seguir suministrando productos o servicios una vez que se hayan suprimido los datos personales.<\/p>\n<p>&nbsp;<\/p>\n<h3><b>Derechos<\/b><\/h3>\n<p>&nbsp;<\/p>\n<p>Usted tiene derecho a obtener, en relaci\u00f3n con los datos tratados, en cualquier momento y previa solicitud: I - la confirmaci\u00f3n de la existencia del tratamiento; II - el acceso a los datos; III - la rectificaci\u00f3n de los datos incompletos, inexactos u obsoletos; IV - la anonimizaci\u00f3n, el bloqueo o la supresi\u00f3n de los datos innecesarios, excesivos o tratados infringiendo lo dispuesto en la Ley n.\u00ba 13. 709; V - la portabilidad de los datos a otro proveedor de servicios o productos, previa solicitud expresa y de conformidad con la normativa del organismo de control; V - la portabilidad de los datos a otro proveedor de servicios o productos, de conformidad con la normativa del organismo de control.709; V - portabilidad de los datos a otro proveedor de servicios o productos, previa solicitud expresa y respetando los secretos comerciales e industriales, de conformidad con la normativa del organismo de control; V - portabilidad de los datos a otro proveedor de servicios o productos, previa solicitud expresa, de conformidad con la normativa de la autoridad nacional, respetando los secretos comerciales e industriales; VI - supresi\u00f3n de los datos personales tratados con el consentimiento del interesado, salvo en los casos previstos en el art. VII - informaci\u00f3n sobre las entidades p\u00fablicas y privadas con las que el responsable del tratamiento haya compartido datos; VIII - informaci\u00f3n sobre la posibilidad de no prestar el consentimiento y las consecuencias de negarse a hacerlo; IX - revocaci\u00f3n del consentimiento, en los t\u00e9rminos del \u00a7 5 del art. 8 de la Ley 13.709.<\/p>\n<p>&nbsp;<\/p>\n<h3><b>Derecho a revocar el consentimiento<\/b><\/h3>\n<p>&nbsp;<\/p>\n<p>Este consentimiento podr\u00e1 ser revocado por el interesado en cualquier momento mediante solicitud, petici\u00f3n por correo electr\u00f3nico o correspondencia.<\/p>","protected":false},"excerpt":{"rendered":"<p>Finalidades do Tratamento dos Dados &nbsp; O tratamento dos dados pessoais listados neste termo tem as seguintes finalidades: Possibilitar que identifique e entre em contato [&hellip;]<\/p>\n","protected":false},"author":1,"featured_media":0,"parent":0,"menu_order":7,"comment_status":"closed","ping_status":"closed","template":"","meta":{"_acf_changed":false,"inline_featured_image":false,"footnotes":""},"class_list":["post-206","page","type-page","status-publish","hentry"],"acf":[],"yoast_head":"<!-- This site is optimized with the Yoast SEO plugin v27.2 - https:\/\/yoast.com\/product\/yoast-seo-wordpress\/ -->\n<title>Pol\u00edticas de privacidade - Momesso<\/title>\n<meta name=\"robots\" content=\"index, follow, max-snippet:-1, max-image-preview:large, max-video-preview:-1\" \/>\n<link rel=\"canonical\" href=\"https:\/\/previews.elleven.digital\/momesso\/politicas-de-privacidade\/\" \/>\n<meta property=\"og:locale\" content=\"es_ES\" \/>\n<meta property=\"og:type\" content=\"article\" \/>\n<meta property=\"og:title\" content=\"Pol\u00edticas de privacidade - Momesso\" \/>\n<meta property=\"og:description\" content=\"Finalidades do Tratamento dos Dados &nbsp; O tratamento dos dados pessoais listados neste termo tem as seguintes finalidades: Possibilitar que identifique e entre em contato [&hellip;]\" \/>\n<meta property=\"og:url\" content=\"https:\/\/previews.elleven.digital\/momesso\/politicas-de-privacidade\/\" \/>\n<meta property=\"og:site_name\" content=\"Momesso\" \/>\n<meta property=\"article:publisher\" content=\"https:\/\/www.facebook.com\/momessoind\" \/>\n<meta property=\"article:modified_time\" content=\"2024-07-10T19:53:27+00:00\" \/>\n<meta name=\"twitter:card\" content=\"summary_large_image\" \/>\n<script type=\"application\/ld+json\" class=\"yoast-schema-graph\">{\"@context\":\"https:\/\/schema.org\",\"@graph\":[{\"@type\":\"WebPage\",\"@id\":\"https:\/\/previews.elleven.digital\/momesso\/politicas-de-privacidade\/\",\"url\":\"https:\/\/previews.elleven.digital\/momesso\/politicas-de-privacidade\/\",\"name\":\"Pol\u00edticas de privacidade - Momesso\",\"isPartOf\":{\"@id\":\"https:\/\/momesso.ind.br\/#website\"},\"datePublished\":\"2024-07-10T19:53:07+00:00\",\"dateModified\":\"2024-07-10T19:53:27+00:00\",\"breadcrumb\":{\"@id\":\"https:\/\/previews.elleven.digital\/momesso\/politicas-de-privacidade\/#breadcrumb\"},\"inLanguage\":\"es\",\"potentialAction\":[{\"@type\":\"ReadAction\",\"target\":[\"https:\/\/previews.elleven.digital\/momesso\/politicas-de-privacidade\/\"]}]},{\"@type\":\"BreadcrumbList\",\"@id\":\"https:\/\/previews.elleven.digital\/momesso\/politicas-de-privacidade\/#breadcrumb\",\"itemListElement\":[{\"@type\":\"ListItem\",\"position\":1,\"name\":\"In\u00edcio\",\"item\":\"https:\/\/momesso.ind.br\/\"},{\"@type\":\"ListItem\",\"position\":2,\"name\":\"Pol\u00edticas de privacidade\"}]},{\"@type\":\"WebSite\",\"@id\":\"https:\/\/momesso.ind.br\/#website\",\"url\":\"https:\/\/momesso.ind.br\/\",\"name\":\"Momesso\",\"description\":\"M\u00e1quinas de Tratamento para Sementes\",\"publisher\":{\"@id\":\"https:\/\/momesso.ind.br\/#organization\"},\"potentialAction\":[{\"@type\":\"SearchAction\",\"target\":{\"@type\":\"EntryPoint\",\"urlTemplate\":\"https:\/\/momesso.ind.br\/?s={search_term_string}\"},\"query-input\":{\"@type\":\"PropertyValueSpecification\",\"valueRequired\":true,\"valueName\":\"search_term_string\"}}],\"inLanguage\":\"es\"},{\"@type\":\"Organization\",\"@id\":\"https:\/\/momesso.ind.br\/#organization\",\"name\":\"Momesso\",\"url\":\"https:\/\/momesso.ind.br\/\",\"logo\":{\"@type\":\"ImageObject\",\"inLanguage\":\"es\",\"@id\":\"https:\/\/momesso.ind.br\/#\/schema\/logo\/image\/\",\"url\":\"https:\/\/momesso.ind.br\/wp-content\/uploads\/2025\/04\/momesso.png\",\"contentUrl\":\"https:\/\/momesso.ind.br\/wp-content\/uploads\/2025\/04\/momesso.png\",\"width\":975,\"height\":325,\"caption\":\"Momesso\"},\"image\":{\"@id\":\"https:\/\/momesso.ind.br\/#\/schema\/logo\/image\/\"},\"sameAs\":[\"https:\/\/www.facebook.com\/momessoind\",\"https:\/\/www.instagram.com\/momessoind\/\"]}]}<\/script>\n<!-- \/ Yoast SEO plugin. -->","yoast_head_json":{"title":"Pol\u00edtica de privacidad - Momesso","robots":{"index":"index","follow":"follow","max-snippet":"max-snippet:-1","max-image-preview":"max-image-preview:large","max-video-preview":"max-video-preview:-1"},"canonical":"https:\/\/previews.elleven.digital\/momesso\/politicas-de-privacidade\/","og_locale":"es_ES","og_type":"article","og_title":"Pol\u00edticas de privacidade - Momesso","og_description":"Finalidades do Tratamento dos Dados &nbsp; O tratamento dos dados pessoais listados neste termo tem as seguintes finalidades: Possibilitar que identifique e entre em contato [&hellip;]","og_url":"https:\/\/previews.elleven.digital\/momesso\/politicas-de-privacidade\/","og_site_name":"Momesso","article_publisher":"https:\/\/www.facebook.com\/momessoind","article_modified_time":"2024-07-10T19:53:27+00:00","twitter_card":"summary_large_image","schema":{"@context":"https:\/\/schema.org","@graph":[{"@type":"WebPage","@id":"https:\/\/previews.elleven.digital\/momesso\/politicas-de-privacidade\/","url":"https:\/\/previews.elleven.digital\/momesso\/politicas-de-privacidade\/","name":"Pol\u00edtica de privacidad - Momesso","isPartOf":{"@id":"https:\/\/momesso.ind.br\/#website"},"datePublished":"2024-07-10T19:53:07+00:00","dateModified":"2024-07-10T19:53:27+00:00","breadcrumb":{"@id":"https:\/\/previews.elleven.digital\/momesso\/politicas-de-privacidade\/#breadcrumb"},"inLanguage":"es","potentialAction":[{"@type":"ReadAction","target":["https:\/\/previews.elleven.digital\/momesso\/politicas-de-privacidade\/"]}]},{"@type":"BreadcrumbList","@id":"https:\/\/previews.elleven.digital\/momesso\/politicas-de-privacidade\/#breadcrumb","itemListElement":[{"@type":"ListItem","position":1,"name":"In\u00edcio","item":"https:\/\/momesso.ind.br\/"},{"@type":"ListItem","position":2,"name":"Pol\u00edticas de privacidade"}]},{"@type":"WebSite","@id":"https:\/\/momesso.ind.br\/#website","url":"https:\/\/momesso.ind.br\/","name":"Mam\u00e1","description":"M\u00e1quinas de Tratamiento para Semillas","publisher":{"@id":"https:\/\/momesso.ind.br\/#organization"},"potentialAction":[{"@type":"SearchAction","target":{"@type":"EntryPoint","urlTemplate":"https:\/\/momesso.ind.br\/?s={search_term_string}"},"query-input":{"@type":"PropertyValueSpecification","valueRequired":true,"valueName":"search_term_string"}}],"inLanguage":"es"},{"@type":"Organization","@id":"https:\/\/momesso.ind.br\/#organization","name":"Mam\u00e1","url":"https:\/\/momesso.ind.br\/","logo":{"@type":"ImageObject","inLanguage":"es","@id":"https:\/\/momesso.ind.br\/#\/schema\/logo\/image\/","url":"https:\/\/momesso.ind.br\/wp-content\/uploads\/2025\/04\/momesso.png","contentUrl":"https:\/\/momesso.ind.br\/wp-content\/uploads\/2025\/04\/momesso.png","width":975,"height":325,"caption":"Momesso"},"image":{"@id":"https:\/\/momesso.ind.br\/#\/schema\/logo\/image\/"},"sameAs":["https:\/\/www.facebook.com\/momessoind","https:\/\/www.instagram.com\/momessoind\/"]}]}},"_links":{"self":[{"href":"https:\/\/momesso.ind.br\/es\/wp-json\/wp\/v2\/pages\/206","targetHints":{"allow":["GET"]}}],"collection":[{"href":"https:\/\/momesso.ind.br\/es\/wp-json\/wp\/v2\/pages"}],"about":[{"href":"https:\/\/momesso.ind.br\/es\/wp-json\/wp\/v2\/types\/page"}],"author":[{"embeddable":true,"href":"https:\/\/momesso.ind.br\/es\/wp-json\/wp\/v2\/users\/1"}],"replies":[{"embeddable":true,"href":"https:\/\/momesso.ind.br\/es\/wp-json\/wp\/v2\/comments?post=206"}],"version-history":[{"count":2,"href":"https:\/\/momesso.ind.br\/es\/wp-json\/wp\/v2\/pages\/206\/revisions"}],"predecessor-version":[{"id":208,"href":"https:\/\/momesso.ind.br\/es\/wp-json\/wp\/v2\/pages\/206\/revisions\/208"}],"wp:attachment":[{"href":"https:\/\/momesso.ind.br\/es\/wp-json\/wp\/v2\/media?parent=206"}],"curies":[{"name":"wp","href":"https:\/\/api.w.org\/{rel}","templated":true}]}}